{"id":1075,"date":"2023-09-19T12:44:45","date_gmt":"2023-09-19T12:44:45","guid":{"rendered":"https:\/\/aziendaagricolalelli.it\/frutta-secca\/"},"modified":"2024-06-18T10:31:37","modified_gmt":"2024-06-18T10:31:37","slug":"dried-fruit","status":"publish","type":"page","link":"https:\/\/aziendaagricolalelli.it\/en\/dried-fruit\/","title":{"rendered":"Dried Fruit"},"content":{"rendered":"\n<section class=\"wp-block-group alignfull pt3 pb3\"><div class=\"wp-block-group__inner-container is-layout-constrained wp-block-group-is-layout-constrained\">\n<figure class=\"wp-block-image size-large img-title scroll-animation fadeUpZoom\"><img loading=\"lazy\" decoding=\"async\" width=\"1680\" height=\"723\" src=\"https:\/\/aziendaagricolalelli.it\/wp-content\/uploads\/2024\/06\/title-dried-fruit.svg\" alt=\"\" class=\"wp-image-1099\"\/><\/figure>\n\n\n\n<div class=\"wp-block-columns mb0 pt20 pt15-tab pt10-sma max-width--medium is-layout-flex wp-container-core-columns-is-layout-9d6595d7 wp-block-columns-is-layout-flex\">\n<div class=\"wp-block-column mb0 col-60 tab-100 p1-sma is-layout-flow wp-block-column-is-layout-flow\">\n<h2 class=\"wp-block-heading scroll-animation fadeUp dly2 title3\"><strong>Innovative and organic for your health.<\/strong><\/h2>\n\n\n\n<p class=\"scroll-animation fadeUp dly4\">Nuts are a starting point, a possible opportunity to renew local agricultural production. The conditions are not missing, because the territory lends itself well to cultivation. But it\u2019s not only that. The consumption of nuts in Italy has doubled in the last ten years and the demand is characterized almost exclusively by the foreign market, with special attention to Israel, Egypt and the United States of America.<\/p>\n\n\n\n<p class=\"scroll-animation fadeUp dly4\">Lelli agricultural company was, therefore, a pioneer in this area, housing fields of almond and chestnut trees among its orchards.<\/p>\n\n\n\n<p class=\"scroll-animation fadeUp dly4\">Today, nuts are not only used for direct sales, but also as a main ingredient for the production of cookies and creams, whose aromas and fragrances speak for themselves.<\/p>\n\n\n\n<div class=\"wp-block-buttons mb2 mb1-tab scroll-animation fadeUp dly4 is-layout-flex wp-block-buttons-is-layout-flex\">\n<div class=\"wp-block-button\"><a class=\"wp-block-button__link wp-element-button\" href=\"#products\">See the products<\/a><\/div>\n<\/div>\n<\/div>\n\n\n\n<div class=\"wp-block-column mb0 col-40 tab-hide sma-hide is-layout-flow wp-block-column-is-layout-flow\">\n<figure class=\"wp-block-image size-full mt5 mt0-tab mb2 img-res scroll-animation fadeUp dly6\"><img loading=\"lazy\" decoding=\"async\" width=\"570\" height=\"548\" src=\"https:\/\/aziendaagricolalelli.it\/wp-content\/uploads\/2024\/01\/fruttaSecca.webp\" alt=\"\" class=\"wp-image-673\" srcset=\"https:\/\/aziendaagricolalelli.it\/wp-content\/uploads\/2024\/01\/fruttaSecca.webp 570w, https:\/\/aziendaagricolalelli.it\/wp-content\/uploads\/2024\/01\/fruttaSecca-300x288.webp 300w, https:\/\/aziendaagricolalelli.it\/wp-content\/uploads\/2024\/01\/fruttaSecca-50x48.webp 50w\" sizes=\"auto, (max-width: 570px) 100vw, 570px\" \/><\/figure>\n<\/div>\n<\/div>\n\n\n\n<figure class=\"wp-block-image size-large img-prodotti scroll-animation fadeUpZoom  dly2\"><img loading=\"lazy\" decoding=\"async\" width=\"1024\" height=\"563\" src=\"https:\/\/aziendaagricolalelli.it\/wp-content\/uploads\/2024\/01\/mixFruttaSecca-1024x563.webp\" alt=\"\" class=\"wp-image-671\" srcset=\"https:\/\/aziendaagricolalelli.it\/wp-content\/uploads\/2024\/01\/mixFruttaSecca-1024x563.webp 1024w, https:\/\/aziendaagricolalelli.it\/wp-content\/uploads\/2024\/01\/mixFruttaSecca-300x165.webp 300w, https:\/\/aziendaagricolalelli.it\/wp-content\/uploads\/2024\/01\/mixFruttaSecca-768x422.webp 768w, https:\/\/aziendaagricolalelli.it\/wp-content\/uploads\/2024\/01\/mixFruttaSecca-50x27.webp 50w, https:\/\/aziendaagricolalelli.it\/wp-content\/uploads\/2024\/01\/mixFruttaSecca.webp 1255w\" sizes=\"auto, (max-width: 1024px) 100vw, 1024px\" \/><\/figure>\n<\/div><\/section>\n\n\n\n<section class=\"wp-block-group alignfull pb4 bkg-prodotti mb20 pt20 pt15-tab has-background\" id=\"products\" style=\"background-color:#edefe2\"><div class=\"wp-block-group__inner-container is-layout-constrained wp-block-group-is-layout-constrained\">\n<figure class=\"wp-block-image size-large img-title scroll-animation fadeUpZoom\"><img loading=\"lazy\" decoding=\"async\" width=\"1679\" height=\"204\" src=\"https:\/\/aziendaagricolalelli.it\/wp-content\/uploads\/2024\/06\/title-products.svg\" alt=\"\" class=\"wp-image-1028\"\/><\/figure>\n\n\n\n<div class=\"wp-block-query lista-prodotti pt10 pt5-tab pt3-sma is-layout-flow wp-block-query-is-layout-flow\"><ul class=\"columns-3 flex flex--wrap scroll-animation fadeUp dly4 lista-prodotti--frutta-secca wp-block-post-template is-layout-grid wp-container-core-post-template-is-layout-2fc57c17 wp-block-post-template-is-layout-grid\"><li class=\"wp-block-post post-1087 frutta-secca type-frutta-secca status-publish has-post-thumbnail hentry\">\n<figure class=\"alignwide wp-block-post-featured-image\"><a href=\"https:\/\/aziendaagricolalelli.it\/en\/dried-fruit\/the-green-pistachio-of-tossignano\/\" target=\"_self\"  ><img loading=\"lazy\" decoding=\"async\" width=\"1500\" height=\"2250\" src=\"https:\/\/aziendaagricolalelli.it\/wp-content\/uploads\/2023\/09\/cover-pistacchi.webp\" class=\"attachment-post-thumbnail size-post-thumbnail wp-post-image\" alt=\"Pistachio\" style=\"object-fit:cover;\" srcset=\"https:\/\/aziendaagricolalelli.it\/wp-content\/uploads\/2023\/09\/cover-pistacchi.webp 1500w, https:\/\/aziendaagricolalelli.it\/wp-content\/uploads\/2023\/09\/cover-pistacchi-200x300.webp 200w, https:\/\/aziendaagricolalelli.it\/wp-content\/uploads\/2023\/09\/cover-pistacchi-683x1024.webp 683w, https:\/\/aziendaagricolalelli.it\/wp-content\/uploads\/2023\/09\/cover-pistacchi-768x1152.webp 768w, https:\/\/aziendaagricolalelli.it\/wp-content\/uploads\/2023\/09\/cover-pistacchi-50x75.webp 50w, https:\/\/aziendaagricolalelli.it\/wp-content\/uploads\/2023\/09\/cover-pistacchi-1024x1536.webp 1024w, https:\/\/aziendaagricolalelli.it\/wp-content\/uploads\/2023\/09\/cover-pistacchi-1365x2048.webp 1365w\" sizes=\"auto, (max-width: 1500px) 100vw, 1500px\" \/><\/a><\/figure>\n\n<h4 class=\"mb0 wp-block-post-title\"><a href=\"https:\/\/aziendaagricolalelli.it\/en\/dried-fruit\/the-green-pistachio-of-tossignano\/\" target=\"_self\" >Pistachio<\/a><\/h4>\n<\/li><li class=\"wp-block-post post-1088 frutta-secca type-frutta-secca status-publish has-post-thumbnail hentry\">\n<figure class=\"alignwide wp-block-post-featured-image\"><a href=\"https:\/\/aziendaagricolalelli.it\/en\/dried-fruit\/the-almond-of-the-park\/\" target=\"_self\"  ><img loading=\"lazy\" decoding=\"async\" width=\"1500\" height=\"2250\" src=\"https:\/\/aziendaagricolalelli.it\/wp-content\/uploads\/2023\/09\/cover-mandorle.webp\" class=\"attachment-post-thumbnail size-post-thumbnail wp-post-image\" alt=\"Almonds\" style=\"object-fit:cover;\" srcset=\"https:\/\/aziendaagricolalelli.it\/wp-content\/uploads\/2023\/09\/cover-mandorle.webp 1500w, https:\/\/aziendaagricolalelli.it\/wp-content\/uploads\/2023\/09\/cover-mandorle-200x300.webp 200w, https:\/\/aziendaagricolalelli.it\/wp-content\/uploads\/2023\/09\/cover-mandorle-683x1024.webp 683w, https:\/\/aziendaagricolalelli.it\/wp-content\/uploads\/2023\/09\/cover-mandorle-768x1152.webp 768w, https:\/\/aziendaagricolalelli.it\/wp-content\/uploads\/2023\/09\/cover-mandorle-50x75.webp 50w, https:\/\/aziendaagricolalelli.it\/wp-content\/uploads\/2023\/09\/cover-mandorle-1024x1536.webp 1024w, https:\/\/aziendaagricolalelli.it\/wp-content\/uploads\/2023\/09\/cover-mandorle-1365x2048.webp 1365w\" sizes=\"auto, (max-width: 1500px) 100vw, 1500px\" \/><\/a><\/figure>\n\n<h4 class=\"mb0 wp-block-post-title\"><a href=\"https:\/\/aziendaagricolalelli.it\/en\/dried-fruit\/the-almond-of-the-park\/\" target=\"_self\" >Almonds<\/a><\/h4>\n<\/li><li class=\"wp-block-post post-1089 frutta-secca type-frutta-secca status-publish has-post-thumbnail hentry\">\n<figure class=\"alignwide wp-block-post-featured-image\"><a href=\"https:\/\/aziendaagricolalelli.it\/en\/dried-fruit\/chestnut-pgi-castel-del-rio\/\" target=\"_self\"  ><img loading=\"lazy\" decoding=\"async\" width=\"1500\" height=\"2250\" src=\"https:\/\/aziendaagricolalelli.it\/wp-content\/uploads\/2023\/09\/cover-marroni.webp\" class=\"attachment-post-thumbnail size-post-thumbnail wp-post-image\" alt=\"Chestnuts\" style=\"object-fit:cover;\" srcset=\"https:\/\/aziendaagricolalelli.it\/wp-content\/uploads\/2023\/09\/cover-marroni.webp 1500w, https:\/\/aziendaagricolalelli.it\/wp-content\/uploads\/2023\/09\/cover-marroni-200x300.webp 200w, https:\/\/aziendaagricolalelli.it\/wp-content\/uploads\/2023\/09\/cover-marroni-683x1024.webp 683w, https:\/\/aziendaagricolalelli.it\/wp-content\/uploads\/2023\/09\/cover-marroni-768x1152.webp 768w, https:\/\/aziendaagricolalelli.it\/wp-content\/uploads\/2023\/09\/cover-marroni-50x75.webp 50w, https:\/\/aziendaagricolalelli.it\/wp-content\/uploads\/2023\/09\/cover-marroni-1024x1536.webp 1024w, https:\/\/aziendaagricolalelli.it\/wp-content\/uploads\/2023\/09\/cover-marroni-1365x2048.webp 1365w\" sizes=\"auto, (max-width: 1500px) 100vw, 1500px\" \/><\/a><\/figure>\n\n<h4 class=\"mb0 wp-block-post-title\"><a href=\"https:\/\/aziendaagricolalelli.it\/en\/dried-fruit\/chestnut-pgi-castel-del-rio\/\" target=\"_self\" >Chestnuts<\/a><\/h4>\n<\/li><\/ul><\/div>\n<\/div><\/section>\n\n\n\n<section class=\"wp-block-group alignfull pt3 pb3 ninja has-white-color has-text-color has-background\" style=\"background-color:#225533\"><div class=\"wp-block-group__inner-container is-layout-constrained wp-block-group-is-layout-constrained\">\n<figure class=\"wp-block-image size-large img-title scroll-animation fadeUpZoom\"><img loading=\"lazy\" decoding=\"async\" width=\"1678\" height=\"187\" src=\"https:\/\/aziendaagricolalelli.it\/wp-content\/uploads\/2023\/09\/title-packaging.svg\" alt=\"\" class=\"wp-image-303\"\/><\/figure>\n\n\n\n<div class=\"wp-block-columns mb0 pt5 pt4-tab pt1-sma is-layout-flex wp-container-core-columns-is-layout-9d6595d7 wp-block-columns-is-layout-flex\">\n<div class=\"wp-block-column mb0 col-50 tab-100 p1-sma is-layout-flow wp-block-column-is-layout-flow\">\n<h2 class=\"wp-block-heading scroll-animation fadeUp dly2 title3\"><strong>Natural, recyclable\u2026sustainable<\/strong>.<\/h2>\n\n\n\n<p class=\"scroll-animation fadeUp dly4 mb2\">Sustainability is a term often abused today.<\/p>\n\n\n\n<p class=\"scroll-animation fadeUp dly4 mb2\">In French it is used the word&nbsp;<em>durabilit\u00e9<\/em>, which perhaps best conveys the sense of daily action aimed at ensuring the satisfaction of our needs without compromising the possibility of future generations to realize them.<\/p>\n\n\n\n<p class=\"scroll-animation fadeUp dly4 mb2\">This is the reason why we work every day taking care of the territory and creating job opportunities for ourselves, our collaborators, our families and the whole community.<\/p>\n\n\n\n<div class=\"wp-block-buttons mb2 mb1-tab scroll-animation fadeUp dly4 is-layout-flex wp-block-buttons-is-layout-flex\">\n<div class=\"wp-block-button\"><a class=\"wp-block-button__link wp-element-button\" href=\"https:\/\/aziendaagricolalelli.it\/en\/sustainability\/packaging\/\">Discover the packaging<\/a><\/div>\n<\/div>\n\n\n\n<figure class=\"wp-block-image size-large mb0 img-res scroll-animation zoomUpImg dly2\"><img loading=\"lazy\" decoding=\"async\" width=\"820\" height=\"1024\" src=\"https:\/\/aziendaagricolalelli.it\/wp-content\/uploads\/2024\/01\/packaging01-820x1024.webp\" alt=\"\" class=\"wp-image-658\" srcset=\"https:\/\/aziendaagricolalelli.it\/wp-content\/uploads\/2024\/01\/packaging01-820x1024.webp 820w, https:\/\/aziendaagricolalelli.it\/wp-content\/uploads\/2024\/01\/packaging01-240x300.webp 240w, https:\/\/aziendaagricolalelli.it\/wp-content\/uploads\/2024\/01\/packaging01-768x960.webp 768w, https:\/\/aziendaagricolalelli.it\/wp-content\/uploads\/2024\/01\/packaging01-50x62.webp 50w, https:\/\/aziendaagricolalelli.it\/wp-content\/uploads\/2024\/01\/packaging01.webp 830w\" sizes=\"auto, (max-width: 820px) 100vw, 820px\" \/><\/figure>\n<\/div>\n\n\n\n<div class=\"wp-block-column mb0 col-50 tab-100 is-layout-flow wp-block-column-is-layout-flow\">\n<figure class=\"wp-block-image size-large mb2 img-res mt0-tab scroll-animation zoomUpImg dly2 tab-hide sma-hide\"><img loading=\"lazy\" decoding=\"async\" width=\"792\" height=\"1024\" src=\"https:\/\/aziendaagricolalelli.it\/wp-content\/uploads\/2024\/01\/packaging02-792x1024.webp\" alt=\"\" class=\"wp-image-657\" srcset=\"https:\/\/aziendaagricolalelli.it\/wp-content\/uploads\/2024\/01\/packaging02-792x1024.webp 792w, https:\/\/aziendaagricolalelli.it\/wp-content\/uploads\/2024\/01\/packaging02-232x300.webp 232w, https:\/\/aziendaagricolalelli.it\/wp-content\/uploads\/2024\/01\/packaging02-768x994.webp 768w, https:\/\/aziendaagricolalelli.it\/wp-content\/uploads\/2024\/01\/packaging02-50x65.webp 50w, https:\/\/aziendaagricolalelli.it\/wp-content\/uploads\/2024\/01\/packaging02.webp 831w\" sizes=\"auto, (max-width: 792px) 100vw, 792px\" \/><\/figure>\n<\/div>\n<\/div>\n<\/div><\/section>\n","protected":false},"excerpt":{"rendered":"<p>Quello della frutta secca \u00e8 un punto di partenza, una possibile opportunit\u00e0 per rinnovare la produzione agricola locale. I presupposti non mancano, perch\u00e9 il territorio ben si presta alla coltivazione. <\/p>\n","protected":false},"author":1,"featured_media":977,"parent":0,"menu_order":3,"comment_status":"closed","ping_status":"closed","template":"","meta":{"_acf_changed":false,"inline_featured_image":false,"footnotes":""},"class_list":["post-1075","page","type-page","status-publish","has-post-thumbnail","hentry"],"acf":[],"yoast_head":"<!-- This site is optimized with the Yoast SEO plugin v27.3 - https:\/\/yoast.com\/product\/yoast-seo-wordpress\/ -->\n<title>Dried Fruit - Azienda Agricola Lelli<\/title>\n<meta name=\"description\" content=\"Quello della frutta secca \u00e8 un punto di partenza, una possibile opportunit\u00e0 per rinnovare la produzione agricola locale. I presupposti non mancano, perch\u00e9 il territorio ben si presta alla coltivazione. Ma non solo, i consumi di frutta secca in Italia sono raddoppiati negli ultimi dieci anni e la domanda \u00e8 caratterizzata quasi per intero dal mercato estero, con particolare attenzione a Israele, Egitto e Stati Uniti d\u2019America.\" \/>\n<meta name=\"robots\" content=\"index, follow, max-snippet:-1, max-image-preview:large, max-video-preview:-1\" \/>\n<link rel=\"canonical\" href=\"https:\/\/aziendaagricolalelli.it\/frutta-secca\/\" \/>\n<meta property=\"og:locale\" content=\"en_US\" \/>\n<meta property=\"og:type\" content=\"article\" \/>\n<meta property=\"og:title\" content=\"Dried Fruit - Azienda Agricola Lelli\" \/>\n<meta property=\"og:description\" content=\"Quello della frutta secca \u00e8 un punto di partenza, una possibile opportunit\u00e0 per rinnovare la produzione agricola locale. I presupposti non mancano, perch\u00e9 il territorio ben si presta alla coltivazione. Ma non solo, i consumi di frutta secca in Italia sono raddoppiati negli ultimi dieci anni e la domanda \u00e8 caratterizzata quasi per intero dal mercato estero, con particolare attenzione a Israele, Egitto e Stati Uniti d\u2019America.\" \/>\n<meta property=\"og:url\" content=\"https:\/\/aziendaagricolalelli.it\/frutta-secca\/\" \/>\n<meta property=\"og:site_name\" content=\"Azienda Agricola Lelli\" \/>\n<meta property=\"article:modified_time\" content=\"2024-06-18T10:31:37+00:00\" \/>\n<meta property=\"og:image\" content=\"https:\/\/aziendaagricolalelli.it\/wp-content\/uploads\/2024\/01\/mixFruttaSecca.webp\" \/>\n\t<meta property=\"og:image:width\" content=\"1255\" \/>\n\t<meta property=\"og:image:height\" content=\"690\" \/>\n\t<meta property=\"og:image:type\" content=\"image\/webp\" \/>\n<meta name=\"twitter:card\" content=\"summary_large_image\" \/>\n<meta name=\"twitter:label1\" content=\"Est. reading time\" \/>\n\t<meta name=\"twitter:data1\" content=\"3 minutes\" \/>\n<script type=\"application\/ld+json\" class=\"yoast-schema-graph\">{\"@context\":\"https:\\\/\\\/schema.org\",\"@graph\":[{\"@type\":\"WebPage\",\"@id\":\"https:\\\/\\\/aziendaagricolalelli.it\\\/frutta-secca\\\/\",\"url\":\"https:\\\/\\\/aziendaagricolalelli.it\\\/frutta-secca\\\/\",\"name\":\"Dried Fruit - Azienda Agricola Lelli\",\"isPartOf\":{\"@id\":\"https:\\\/\\\/aziendaagricolalelli.it\\\/#website\"},\"primaryImageOfPage\":{\"@id\":\"https:\\\/\\\/aziendaagricolalelli.it\\\/frutta-secca\\\/#primaryimage\"},\"image\":{\"@id\":\"https:\\\/\\\/aziendaagricolalelli.it\\\/frutta-secca\\\/#primaryimage\"},\"thumbnailUrl\":\"https:\\\/\\\/aziendaagricolalelli.it\\\/wp-content\\\/uploads\\\/2024\\\/01\\\/mixFruttaSecca.webp\",\"datePublished\":\"2023-09-19T12:44:45+00:00\",\"dateModified\":\"2024-06-18T10:31:37+00:00\",\"description\":\"Quello della frutta secca \u00e8 un punto di partenza, una possibile opportunit\u00e0 per rinnovare la produzione agricola locale. I presupposti non mancano, perch\u00e9 il territorio ben si presta alla coltivazione. Ma non solo, i consumi di frutta secca in Italia sono raddoppiati negli ultimi dieci anni e la domanda \u00e8 caratterizzata quasi per intero dal mercato estero, con particolare attenzione a Israele, Egitto e Stati Uniti d\u2019America.\",\"breadcrumb\":{\"@id\":\"https:\\\/\\\/aziendaagricolalelli.it\\\/frutta-secca\\\/#breadcrumb\"},\"inLanguage\":\"en-US\",\"potentialAction\":[{\"@type\":\"ReadAction\",\"target\":[\"https:\\\/\\\/aziendaagricolalelli.it\\\/frutta-secca\\\/\"]}]},{\"@type\":\"ImageObject\",\"inLanguage\":\"en-US\",\"@id\":\"https:\\\/\\\/aziendaagricolalelli.it\\\/frutta-secca\\\/#primaryimage\",\"url\":\"https:\\\/\\\/aziendaagricolalelli.it\\\/wp-content\\\/uploads\\\/2024\\\/01\\\/mixFruttaSecca.webp\",\"contentUrl\":\"https:\\\/\\\/aziendaagricolalelli.it\\\/wp-content\\\/uploads\\\/2024\\\/01\\\/mixFruttaSecca.webp\",\"width\":1255,\"height\":690},{\"@type\":\"BreadcrumbList\",\"@id\":\"https:\\\/\\\/aziendaagricolalelli.it\\\/frutta-secca\\\/#breadcrumb\",\"itemListElement\":[{\"@type\":\"ListItem\",\"position\":1,\"name\":\"Home\",\"item\":\"https:\\\/\\\/aziendaagricolalelli.it\\\/en\\\/\"},{\"@type\":\"ListItem\",\"position\":2,\"name\":\"Dried Fruit\"}]},{\"@type\":\"WebSite\",\"@id\":\"https:\\\/\\\/aziendaagricolalelli.it\\\/#website\",\"url\":\"https:\\\/\\\/aziendaagricolalelli.it\\\/\",\"name\":\"Azienda Agricola Lelli\",\"description\":\"Frutticoltori dal 1911\",\"publisher\":{\"@id\":\"https:\\\/\\\/aziendaagricolalelli.it\\\/#organization\"},\"potentialAction\":[{\"@type\":\"SearchAction\",\"target\":{\"@type\":\"EntryPoint\",\"urlTemplate\":\"https:\\\/\\\/aziendaagricolalelli.it\\\/?s={search_term_string}\"},\"query-input\":{\"@type\":\"PropertyValueSpecification\",\"valueRequired\":true,\"valueName\":\"search_term_string\"}}],\"inLanguage\":\"en-US\"},{\"@type\":\"Organization\",\"@id\":\"https:\\\/\\\/aziendaagricolalelli.it\\\/#organization\",\"name\":\"Azienda Agricola Lelli\",\"url\":\"https:\\\/\\\/aziendaagricolalelli.it\\\/\",\"logo\":{\"@type\":\"ImageObject\",\"inLanguage\":\"en-US\",\"@id\":\"https:\\\/\\\/aziendaagricolalelli.it\\\/#\\\/schema\\\/logo\\\/image\\\/\",\"url\":\"https:\\\/\\\/aziendaagricolalelli.it\\\/wp-content\\\/uploads\\\/2023\\\/09\\\/aziendaAgricolaLelli.svg\",\"contentUrl\":\"https:\\\/\\\/aziendaagricolalelli.it\\\/wp-content\\\/uploads\\\/2023\\\/09\\\/aziendaAgricolaLelli.svg\",\"width\":740,\"height\":422,\"caption\":\"Azienda Agricola Lelli\"},\"image\":{\"@id\":\"https:\\\/\\\/aziendaagricolalelli.it\\\/#\\\/schema\\\/logo\\\/image\\\/\"}}]}<\/script>\n<!-- \/ Yoast SEO plugin. -->","yoast_head_json":{"title":"Dried Fruit - Azienda Agricola Lelli","description":"Quello della frutta secca \u00e8 un punto di partenza, una possibile opportunit\u00e0 per rinnovare la produzione agricola locale. I presupposti non mancano, perch\u00e9 il territorio ben si presta alla coltivazione. Ma non solo, i consumi di frutta secca in Italia sono raddoppiati negli ultimi dieci anni e la domanda \u00e8 caratterizzata quasi per intero dal mercato estero, con particolare attenzione a Israele, Egitto e Stati Uniti d\u2019America.","robots":{"index":"index","follow":"follow","max-snippet":"max-snippet:-1","max-image-preview":"max-image-preview:large","max-video-preview":"max-video-preview:-1"},"canonical":"https:\/\/aziendaagricolalelli.it\/frutta-secca\/","og_locale":"en_US","og_type":"article","og_title":"Dried Fruit - Azienda Agricola Lelli","og_description":"Quello della frutta secca \u00e8 un punto di partenza, una possibile opportunit\u00e0 per rinnovare la produzione agricola locale. I presupposti non mancano, perch\u00e9 il territorio ben si presta alla coltivazione. Ma non solo, i consumi di frutta secca in Italia sono raddoppiati negli ultimi dieci anni e la domanda \u00e8 caratterizzata quasi per intero dal mercato estero, con particolare attenzione a Israele, Egitto e Stati Uniti d\u2019America.","og_url":"https:\/\/aziendaagricolalelli.it\/frutta-secca\/","og_site_name":"Azienda Agricola Lelli","article_modified_time":"2024-06-18T10:31:37+00:00","og_image":[{"width":1255,"height":690,"url":"https:\/\/aziendaagricolalelli.it\/wp-content\/uploads\/2024\/01\/mixFruttaSecca.webp","type":"image\/webp"}],"twitter_card":"summary_large_image","twitter_misc":{"Est. reading time":"3 minutes"},"schema":{"@context":"https:\/\/schema.org","@graph":[{"@type":"WebPage","@id":"https:\/\/aziendaagricolalelli.it\/frutta-secca\/","url":"https:\/\/aziendaagricolalelli.it\/frutta-secca\/","name":"Dried Fruit - Azienda Agricola Lelli","isPartOf":{"@id":"https:\/\/aziendaagricolalelli.it\/#website"},"primaryImageOfPage":{"@id":"https:\/\/aziendaagricolalelli.it\/frutta-secca\/#primaryimage"},"image":{"@id":"https:\/\/aziendaagricolalelli.it\/frutta-secca\/#primaryimage"},"thumbnailUrl":"https:\/\/aziendaagricolalelli.it\/wp-content\/uploads\/2024\/01\/mixFruttaSecca.webp","datePublished":"2023-09-19T12:44:45+00:00","dateModified":"2024-06-18T10:31:37+00:00","description":"Quello della frutta secca \u00e8 un punto di partenza, una possibile opportunit\u00e0 per rinnovare la produzione agricola locale. I presupposti non mancano, perch\u00e9 il territorio ben si presta alla coltivazione. Ma non solo, i consumi di frutta secca in Italia sono raddoppiati negli ultimi dieci anni e la domanda \u00e8 caratterizzata quasi per intero dal mercato estero, con particolare attenzione a Israele, Egitto e Stati Uniti d\u2019America.","breadcrumb":{"@id":"https:\/\/aziendaagricolalelli.it\/frutta-secca\/#breadcrumb"},"inLanguage":"en-US","potentialAction":[{"@type":"ReadAction","target":["https:\/\/aziendaagricolalelli.it\/frutta-secca\/"]}]},{"@type":"ImageObject","inLanguage":"en-US","@id":"https:\/\/aziendaagricolalelli.it\/frutta-secca\/#primaryimage","url":"https:\/\/aziendaagricolalelli.it\/wp-content\/uploads\/2024\/01\/mixFruttaSecca.webp","contentUrl":"https:\/\/aziendaagricolalelli.it\/wp-content\/uploads\/2024\/01\/mixFruttaSecca.webp","width":1255,"height":690},{"@type":"BreadcrumbList","@id":"https:\/\/aziendaagricolalelli.it\/frutta-secca\/#breadcrumb","itemListElement":[{"@type":"ListItem","position":1,"name":"Home","item":"https:\/\/aziendaagricolalelli.it\/en\/"},{"@type":"ListItem","position":2,"name":"Dried Fruit"}]},{"@type":"WebSite","@id":"https:\/\/aziendaagricolalelli.it\/#website","url":"https:\/\/aziendaagricolalelli.it\/","name":"Azienda Agricola Lelli","description":"Frutticoltori dal 1911","publisher":{"@id":"https:\/\/aziendaagricolalelli.it\/#organization"},"potentialAction":[{"@type":"SearchAction","target":{"@type":"EntryPoint","urlTemplate":"https:\/\/aziendaagricolalelli.it\/?s={search_term_string}"},"query-input":{"@type":"PropertyValueSpecification","valueRequired":true,"valueName":"search_term_string"}}],"inLanguage":"en-US"},{"@type":"Organization","@id":"https:\/\/aziendaagricolalelli.it\/#organization","name":"Azienda Agricola Lelli","url":"https:\/\/aziendaagricolalelli.it\/","logo":{"@type":"ImageObject","inLanguage":"en-US","@id":"https:\/\/aziendaagricolalelli.it\/#\/schema\/logo\/image\/","url":"https:\/\/aziendaagricolalelli.it\/wp-content\/uploads\/2023\/09\/aziendaAgricolaLelli.svg","contentUrl":"https:\/\/aziendaagricolalelli.it\/wp-content\/uploads\/2023\/09\/aziendaAgricolaLelli.svg","width":740,"height":422,"caption":"Azienda Agricola Lelli"},"image":{"@id":"https:\/\/aziendaagricolalelli.it\/#\/schema\/logo\/image\/"}}]}},"_links":{"self":[{"href":"https:\/\/aziendaagricolalelli.it\/en\/wp-json\/wp\/v2\/pages\/1075","targetHints":{"allow":["GET"]}}],"collection":[{"href":"https:\/\/aziendaagricolalelli.it\/en\/wp-json\/wp\/v2\/pages"}],"about":[{"href":"https:\/\/aziendaagricolalelli.it\/en\/wp-json\/wp\/v2\/types\/page"}],"author":[{"embeddable":true,"href":"https:\/\/aziendaagricolalelli.it\/en\/wp-json\/wp\/v2\/users\/1"}],"replies":[{"embeddable":true,"href":"https:\/\/aziendaagricolalelli.it\/en\/wp-json\/wp\/v2\/comments?post=1075"}],"version-history":[{"count":7,"href":"https:\/\/aziendaagricolalelli.it\/en\/wp-json\/wp\/v2\/pages\/1075\/revisions"}],"predecessor-version":[{"id":1138,"href":"https:\/\/aziendaagricolalelli.it\/en\/wp-json\/wp\/v2\/pages\/1075\/revisions\/1138"}],"wp:featuredmedia":[{"embeddable":true,"href":"https:\/\/aziendaagricolalelli.it\/en\/wp-json\/wp\/v2\/media\/977"}],"wp:attachment":[{"href":"https:\/\/aziendaagricolalelli.it\/en\/wp-json\/wp\/v2\/media?parent=1075"}],"curies":[{"name":"wp","href":"https:\/\/api.w.org\/{rel}","templated":true}]}}